{"id":1618,"date":"2019-08-09T17:29:40","date_gmt":"2019-08-09T15:29:40","guid":{"rendered":"https:\/\/www.fandangofilm.de\/impressum\/"},"modified":"2022-01-10T11:26:56","modified_gmt":"2022-01-10T10:26:56","slug":"impressum","status":"publish","type":"page","link":"https:\/\/fandangofilm.de\/en\/impressum\/","title":{"rendered":"Imprint"},"content":{"rendered":"<p>Fandango Film TV Internet Produktions GmbH<br \/>\nAndernacher Stra\u00dfe 3<br \/>\n50968 K\u00f6ln<\/p>\n<p>Telefon: 0221 1305070<br \/>\nTelefax: 0221 130507900<\/p>\n<p><a href=\"mailto:info@fandangofilm.de\">info@fandangofilm.de<\/a><\/p>\n<p>Vertretungsberechtigter Gesch\u00e4ftsf\u00fchrer: Geronimo Beckers<br \/>\nAmtsgericht K\u00f6ln, HRB 32316<br \/>\nUST. ID NR. DE 203 606 769<br \/>\nSteuernummer: 217\/5732\/0446<br \/>\nInhaltlich Verantwortlicher gem\u00e4\u00df \u00a7 10 Abs. 3 MDStV: Geronimo Beckers<\/p>\n","protected":false},"excerpt":{"rendered":"Fandango Film TV Internet Produktions GmbH Andernacher Stra\u00dfe 3 50968 K\u00f6ln Telefon: 0221 1305070 Telefax: 0221 130507900 info@fandangofilm.de Vertretungsberechtigter Gesch\u00e4ftsf\u00fchrer: Geronimo Beckers Amtsgericht K\u00f6ln, HRB 32316 UST. ID NR. DE 203 606 769 Steuernummer: 217\/5732\/0446 Inhaltlich Verantwortlicher gem\u00e4\u00df \u00a7 10 Abs. 3 MDStV: Geronimo Beckers","protected":false},"author":1,"featured_media":0,"parent":0,"menu_order":0,"comment_status":"closed","ping_status":"closed","template":"","meta":{"pgc_sgb_lightbox_settings":""},"acf":[],"yoast_head":"<!-- This site is optimized with the Yoast SEO plugin v16.0.2 - https:\/\/yoast.com\/wordpress\/plugins\/seo\/ -->\r\n<title>Imprint - fandango<\/title>\r\n<link rel=\"canonical\" href=\"https:\/\/fandangofilm.de\/en\/impressum\/\" \/>\r\n<meta property=\"og:locale\" content=\"en_US\" \/>\r\n<meta property=\"og:type\" content=\"article\" \/>\r\n<meta property=\"og:title\" content=\"Imprint - fandango\" \/>\r\n<meta property=\"og:description\" content=\"Fandango Film TV Internet Produktions GmbH Andernacher Stra\u00dfe 3 50968 K\u00f6ln Telefon: 0221 1305070 Telefax: 0221 130507900 info@fandangofilm.de Vertretungsberechtigter Gesch\u00e4ftsf\u00fchrer: Geronimo Beckers Amtsgericht K\u00f6ln, HRB 32316 UST. ID NR. DE 203 606 769 Steuernummer: 217\/5732\/0446 Inhaltlich Verantwortlicher gem\u00e4\u00df \u00a7 10 Abs. 3 MDStV: Geronimo Beckers\" \/>\r\n<meta property=\"og:url\" content=\"https:\/\/fandangofilm.de\/en\/impressum\/\" \/>\r\n<meta property=\"og:site_name\" content=\"fandango\" \/>\r\n<meta property=\"article:publisher\" content=\"https:\/\/www.facebook.com\/FandangoTV\/\" \/>\r\n<meta property=\"article:modified_time\" content=\"2022-01-10T10:26:56+00:00\" \/>\r\n<meta property=\"og:image\" content=\"https:\/\/fandangofilm.de\/wp-content\/uploads\/2021\/04\/fandango-logo.png\" \/>\r\n\t<meta property=\"og:image:width\" content=\"1200\" \/>\r\n\t<meta property=\"og:image:height\" content=\"800\" \/>\r\n<meta name=\"twitter:card\" content=\"summary_large_image\" \/>\r\n<meta name=\"twitter:label1\" content=\"Est. reading time\">\n\t<meta name=\"twitter:data1\" content=\"1 minute\">\r\n<script type=\"application\/ld+json\" class=\"yoast-schema-graph\">{\"@context\":\"https:\/\/schema.org\",\"@graph\":[{\"@type\":\"Organization\",\"@id\":\"https:\/\/www.fandangofilm.de\/#organization\",\"name\":\"fandango\",\"url\":\"https:\/\/www.fandangofilm.de\/\",\"sameAs\":[\"https:\/\/www.facebook.com\/FandangoTV\/\",\"https:\/\/www.instagram.com\/fandango_film_tv_produktion\/\"],\"logo\":{\"@type\":\"ImageObject\",\"@id\":\"https:\/\/www.fandangofilm.de\/#logo\",\"inLanguage\":\"en-US\",\"url\":\"https:\/\/fandangofilm.de\/wp-content\/uploads\/2021\/04\/fandango-logo.png\",\"width\":1200,\"height\":800,\"caption\":\"fandango\"},\"image\":{\"@id\":\"https:\/\/www.fandangofilm.de\/#logo\"}},{\"@type\":\"WebSite\",\"@id\":\"https:\/\/www.fandangofilm.de\/#website\",\"url\":\"https:\/\/www.fandangofilm.de\/\",\"name\":\"fandango\",\"description\":\"Film &amp; TV Produktion\",\"publisher\":{\"@id\":\"https:\/\/www.fandangofilm.de\/#organization\"},\"potentialAction\":[{\"@type\":\"SearchAction\",\"target\":\"https:\/\/www.fandangofilm.de\/?s={search_term_string}\",\"query-input\":\"required name=search_term_string\"}],\"inLanguage\":\"en-US\"},{\"@type\":\"WebPage\",\"@id\":\"https:\/\/fandangofilm.de\/en\/impressum\/#webpage\",\"url\":\"https:\/\/fandangofilm.de\/en\/impressum\/\",\"name\":\"Imprint - fandango\",\"isPartOf\":{\"@id\":\"https:\/\/www.fandangofilm.de\/#website\"},\"datePublished\":\"2019-08-09T15:29:40+00:00\",\"dateModified\":\"2022-01-10T10:26:56+00:00\",\"breadcrumb\":{\"@id\":\"https:\/\/fandangofilm.de\/en\/impressum\/#breadcrumb\"},\"inLanguage\":\"en-US\",\"potentialAction\":[{\"@type\":\"ReadAction\",\"target\":[\"https:\/\/fandangofilm.de\/en\/impressum\/\"]}]},{\"@type\":\"BreadcrumbList\",\"@id\":\"https:\/\/fandangofilm.de\/en\/impressum\/#breadcrumb\",\"itemListElement\":[{\"@type\":\"ListItem\",\"position\":1,\"item\":{\"@type\":\"WebPage\",\"@id\":\"https:\/\/www.fandangofilm.de\/en\/\",\"url\":\"https:\/\/www.fandangofilm.de\/en\/\",\"name\":\"Startseite\"}},{\"@type\":\"ListItem\",\"position\":2,\"item\":{\"@type\":\"WebPage\",\"@id\":\"https:\/\/fandangofilm.de\/en\/impressum\/\",\"url\":\"https:\/\/fandangofilm.de\/en\/impressum\/\",\"name\":\"Imprint\"}}]}]}<\/script>\r\n<!-- \/ Yoast SEO plugin. -->","uagb_featured_image_src":{"full":false,"thumbnail":false,"medium":false,"medium_large":false,"large":false,"1536x1536":false,"2048x2048":false,"small":false,"custom-size":false},"uagb_author_info":{"display_name":"admin","author_link":"https:\/\/fandangofilm.de\/en\/author\/admin\/"},"uagb_comment_info":0,"uagb_excerpt":"Fandango Film TV Internet Produktions GmbH Andernacher Stra\u00dfe 3 50968 K\u00f6ln Telefon: 0221 1305070 Telefax: 0221 130507900 info@fandangofilm.de Vertretungsberechtigter Gesch\u00e4ftsf\u00fchrer: Geronimo Beckers Amtsgericht K\u00f6ln, HRB 32316 UST. ID NR. DE 203 606 769 Steuernummer: 217\/5732\/0446 Inhaltlich Verantwortlicher gem\u00e4\u00df \u00a7 10 Abs. 3 MDStV: Geronimo Beckers","_links":{"self":[{"href":"https:\/\/fandangofilm.de\/en\/wp-json\/wp\/v2\/pages\/1618"}],"collection":[{"href":"https:\/\/fandangofilm.de\/en\/wp-json\/wp\/v2\/pages"}],"about":[{"href":"https:\/\/fandangofilm.de\/en\/wp-json\/wp\/v2\/types\/page"}],"author":[{"embeddable":true,"href":"https:\/\/fandangofilm.de\/en\/wp-json\/wp\/v2\/users\/1"}],"replies":[{"embeddable":true,"href":"https:\/\/fandangofilm.de\/en\/wp-json\/wp\/v2\/comments?post=1618"}],"version-history":[{"count":1,"href":"https:\/\/fandangofilm.de\/en\/wp-json\/wp\/v2\/pages\/1618\/revisions"}],"predecessor-version":[{"id":1634,"href":"https:\/\/fandangofilm.de\/en\/wp-json\/wp\/v2\/pages\/1618\/revisions\/1634"}],"wp:attachment":[{"href":"https:\/\/fandangofilm.de\/en\/wp-json\/wp\/v2\/media?parent=1618"}],"curies":[{"name":"wp","href":"https:\/\/api.w.org\/{rel}","templated":true}]}}